{"id":3,"date":"2025-11-19T11:26:16","date_gmt":"2025-11-19T11:26:16","guid":{"rendered":"https:\/\/perfektcaravanparking.com\/?page_id=3"},"modified":"2025-12-17T13:58:55","modified_gmt":"2025-12-17T13:58:55","slug":"politica-de-privacidad","status":"publish","type":"page","link":"https:\/\/perfektcaravanparking.com\/nl\/politica-de-privacidad\/","title":{"rendered":"Privacybeleid"},"content":{"rendered":"<div data-elementor-type=\"wp-page\" data-elementor-id=\"3\" class=\"elementor elementor-3\" data-elementor-post-type=\"page\">\n\t\t\t\t<div class=\"elementor-element elementor-element-5155aae e-flex e-con-boxed e-con e-parent\" data-id=\"5155aae\" data-element_type=\"container\" data-e-type=\"container\" data-settings=\"{&quot;background_background&quot;:&quot;classic&quot;}\">\n\t\t\t\t\t<div class=\"e-con-inner\">\n\t\t\t\t<div class=\"elementor-element elementor-element-57655dc elementor-widget__width-initial elementor-widget-tablet__width-inherit elementor-widget-mobile__width-inherit elementor-widget elementor-widget-text-editor\" data-id=\"57655dc\" data-element_type=\"widget\" data-e-type=\"widget\" data-widget_type=\"text-editor.default\">\n\t\t\t\t\t\t\t\t\t<p><strong>Privacybeleid<\/strong><\/p><p><em>Laatste update: 17-12-2025<\/em><\/p><p>Bij Perfekt Caravan Parking (toegankelijk via perfektcaravanparking.com), stellen wij uw privacy voorop. Dit Privacy Policy document beschrijft de soorten persoonlijke informatie die wij verzamelen, hoe deze wordt gebruikt en de maatregelen die wij nemen om deze te beschermen. Door onze website te gebruiken, gaat u akkoord met de voorwaarden van dit Privacybeleid.<\/p><p><strong>1. Informatie die we verzamelen<\/strong><\/p><p>We verzamelen verschillende soorten informatie voor een aantal doeleinden, waaronder:<\/p><p>\u2013\u00a0<strong>Persoonlijk identificeerbare informatie<\/strong>Dit kan uw naam, e-mailadres, telefoonnummer en andere informatie zijn die u rechtstreeks aan ons verstrekt door formulieren op onze website in te vullen.<\/p><p>\u2013\u00a0<strong>Gebruiksgegevens<\/strong>We verzamelen automatisch informatie over uw toegang tot en interactie met onze website, waaronder uw IP-adres, browsertype, bezochte pagina's en de datum en tijd van uw bezoek.<\/p><p>\u2013\u00a0<strong>Cookies en traceringstechnologie\u00ebn<\/strong>Onze website kan cookies en vergelijkbare technologie\u00ebn gebruiken om informatie over uw surfactiviteiten en voorkeuren te verzamelen.<\/p><p><strong>2. Hoe wij uw informatie gebruiken<\/strong><\/p><p>Perfekt Caravan Parking gebruikt de verzamelde informatie voor de volgende doeleinden:<\/p><ul><li>Om onze website aan te bieden, te beheren en te onderhouden<\/li><li>Uw ervaring verbeteren en personaliseren<\/li><li>Vragen beantwoorden of serviceverzoeken verwerken<\/li><li>Voor interne analyse en rapportage<\/li><li>Om met u te communiceren, inclusief marketing- en promotieberichten (met uw toestemming).<\/li><li>Om te voldoen aan wettelijke verplichtingen en om onze algemene voorwaarden te handhaven<\/li><\/ul><p><strong>3. Cookies en trackingtechnologie\u00ebn<\/strong><\/p><p>Cookies helpen ons een betere gebruikerservaring te bieden door uw voorkeuren te onthouden en uw interactie met de website bij te houden. U kunt uw browser zo instellen dat cookies worden geweigerd, hoewel sommige functies van de website zonder cookies mogelijk niet goed werken.<\/p><p><strong>4. Hoe we uw informatie delen<\/strong><\/p><p>We verkopen of verhuren uw persoonlijke gegevens niet. We kunnen ze alleen delen:<\/p><ul><li><strong>Met serviceproviders<\/strong>Om diensten namens ons te leveren, zoals het verwerken van betalingen, website hosting en analytics.<\/li><li><strong style=\"font-family: -apple-system, BlinkMacSystemFont, 'Segoe UI', Roboto, 'Helvetica Neue', Arial, 'Noto Sans', sans-serif, 'Apple Color Emoji', 'Segoe UI Emoji', 'Segoe UI Symbol', 'Noto Color Emoji';\">Voor juridische doeleinden<\/strong><span style=\"font-family: -apple-system, BlinkMacSystemFont, 'Segoe UI', Roboto, 'Helvetica Neue', Arial, 'Noto Sans', sans-serif, 'Apple Color Emoji', 'Segoe UI Emoji', 'Segoe UI Symbol', 'Noto Color Emoji';\">Wanneer dit wordt vereist door de wet, een gerechtelijk bevel of een andere overheidsinstantie, of om onze wettelijke rechten en de veiligheid van onze gebruikers te beschermen.<\/span><\/li><\/ul><p><strong>5. Beveiliging van gegevens<\/strong><\/p><p>We implementeren passende beveiligingsmaatregelen om uw gegevens te beschermen. Geen enkele methode van overdracht of elektronische opslag is echter 100% veilig, dus hoewel we ernaar streven om uw persoonlijke gegevens te beschermen, kunnen we de absolute veiligheid ervan niet garanderen.<\/p><p><strong>6. Uw rechten inzake gegevensbescherming<\/strong><\/p><p>In overeenstemming met de toepasselijke wetgeving hebt u mogelijk recht op:<\/p><ul><li>Toegang vragen tot uw persoonlijke gegevens<\/li><li>Correctie of verwijdering van uw persoonlijke gegevens aanvragen<\/li><li>Bezwaar maken tegen de verwerking van uw gegevens<\/li><li>Verzoek om beperking van gegevensverwerking<\/li><\/ul><p>Om deze rechten uit te oefenen, kunt u contact met ons opnemen via info@perfektcaravanparking.com.<\/p><p><strong>7. Privacy van kinderen<\/strong><\/p><p>Onze website is niet gericht op personen jonger dan 16 jaar. We verzamelen niet bewust persoonlijke gegevens van kinderen jonger dan 16 jaar.<\/p><p><strong>8. Wijzigingen in dit privacybeleid<\/strong><\/p><p>We kunnen dit Privacybeleid van tijd tot tijd bijwerken en het bijgewerkte beleid zal met de ingangsdatum op deze pagina worden geplaatst. We raden je aan deze pagina regelmatig te raadplegen om op de hoogte te blijven van eventuele wijzigingen.<\/p><p><strong>9. Neem contact op met<\/strong><\/p><p>Als u vragen of opmerkingen hebt over dit privacybeleid, kunt u contact met ons opnemen via:<\/p><p><strong>Perfekt Caravan Parkeren SL<\/strong><\/p><p>E-mail: info@perfektcaravanparking.com<br \/>Adres: Carrer Disseminat 6,<br \/>17142 Verges, Gerona, Spanje<\/p>\t\t\t\t\t\t\t\t<\/div>\n\t\t\t\t\t<\/div>\n\t\t\t\t<\/div>\n\t\t\t\t<\/div>","protected":false},"excerpt":{"rendered":"<p>Pol\u00edtica de privacidad \u00daltima actualizaci\u00f3n: 17-12-2025 En Perfekt Caravan Parking (accesible desde perfektcaravanparking.com) , damos prioridad a tu privacidad. Este documento de Pol\u00edtica de Privacidad describe los tipos de informaci\u00f3n personal recopilada, c\u00f3mo se utiliza y las medidas que adoptamos para protegerla. Al utilizar nuestro sitio web , t\u00fa aceptas los t\u00e9rminos de esta Pol\u00edtica [&hellip;]<\/p>\n","protected":false},"author":1,"featured_media":0,"parent":0,"menu_order":0,"comment_status":"closed","ping_status":"closed","template":"","meta":{"_acf_changed":false,"footnotes":""},"class_list":["post-3","page","type-page","status-publish","hentry"],"acf":[],"_links":{"self":[{"href":"https:\/\/perfektcaravanparking.com\/nl\/wp-json\/wp\/v2\/pages\/3","targetHints":{"allow":["GET"]}}],"collection":[{"href":"https:\/\/perfektcaravanparking.com\/nl\/wp-json\/wp\/v2\/pages"}],"about":[{"href":"https:\/\/perfektcaravanparking.com\/nl\/wp-json\/wp\/v2\/types\/page"}],"author":[{"embeddable":true,"href":"https:\/\/perfektcaravanparking.com\/nl\/wp-json\/wp\/v2\/users\/1"}],"replies":[{"embeddable":true,"href":"https:\/\/perfektcaravanparking.com\/nl\/wp-json\/wp\/v2\/comments?post=3"}],"version-history":[{"count":17,"href":"https:\/\/perfektcaravanparking.com\/nl\/wp-json\/wp\/v2\/pages\/3\/revisions"}],"predecessor-version":[{"id":297,"href":"https:\/\/perfektcaravanparking.com\/nl\/wp-json\/wp\/v2\/pages\/3\/revisions\/297"}],"wp:attachment":[{"href":"https:\/\/perfektcaravanparking.com\/nl\/wp-json\/wp\/v2\/media?parent=3"}],"curies":[{"name":"wp","href":"https:\/\/api.w.org\/{rel}","templated":true}]}}