{"id":111,"date":"2025-12-03T11:36:50","date_gmt":"2025-12-03T11:36:50","guid":{"rendered":"https:\/\/perfektcaravanparking.com\/?page_id=111"},"modified":"2025-12-17T13:58:40","modified_gmt":"2025-12-17T13:58:40","slug":"cookies","status":"publish","type":"page","link":"https:\/\/perfektcaravanparking.com\/nl\/cookies\/","title":{"rendered":"Cookies"},"content":{"rendered":"<div data-elementor-type=\"wp-page\" data-elementor-id=\"111\" class=\"elementor elementor-111\" data-elementor-post-type=\"page\">\n\t\t\t\t<div class=\"elementor-element elementor-element-cfc4a4b e-flex e-con-boxed e-con e-parent\" data-id=\"cfc4a4b\" data-element_type=\"container\" data-e-type=\"container\" data-settings=\"{&quot;background_background&quot;:&quot;classic&quot;}\">\n\t\t\t\t\t<div class=\"e-con-inner\">\n\t\t\t\t<div class=\"elementor-element elementor-element-9d056c8 elementor-widget__width-initial elementor-widget-tablet__width-inherit elementor-widget-mobile__width-inherit elementor-widget elementor-widget-text-editor\" data-id=\"9d056c8\" data-element_type=\"widget\" data-e-type=\"widget\" data-widget_type=\"text-editor.default\">\n\t\t\t\t\t\t\t\t\t<h3><b>Gebruik van cookies<\/b><\/h3><p>https:\/\/perfektcaravanparking.com plaatst cookies bij bezoekers. Dit doen we om informatie te verzamelen over de pagina's die gebruikers op onze website bezoeken, om bij te houden hoe vaak bezoekers terugkomen en om te zien welke pagina's het goed doen op de website. We houden ook bij welke informatie uw browser deelt.<\/p><p><b>Cookies uitschakelen<\/b><\/p><p>U kunt ervoor kiezen om cookies uit te schakelen. U kunt dit doen door gebruik te maken van de mogelijkheden van uw browser. Meer informatie over deze mogelijkheden vindt u op de website van uw browserprovider.<\/p><p><b>Cookies van derden<\/b><\/p><p>Derden, zoals Google, kunnen adverteren op onze website of wij kunnen een andere dienst gebruiken. Voor dit doel plaatsen deze derden in sommige gevallen cookies. Deze cookies kunnen niet worden be\u00efnvloed door https:\/\/perfektcaravanparking.com.<\/p>\t\t\t\t\t\t\t\t<\/div>\n\t\t\t\t\t<\/div>\n\t\t\t\t<\/div>\n\t\t\t\t<\/div>","protected":false},"excerpt":{"rendered":"<p>Uso de cookies https:\/\/perfektcaravanparking.com coloca cookies en los visitantes. Lo hacemos para recopilar informaci\u00f3n sobre las p\u00e1ginas que los usuarios visitan en nuestro sitio web, para hacer un seguimiento de la frecuencia con la que los visitantes regresan y para ver qu\u00e9 p\u00e1ginas van bien en el sitio web. Tambi\u00e9n hacemos un seguimiento de la [&hellip;]<\/p>\n","protected":false},"author":1,"featured_media":0,"parent":0,"menu_order":0,"comment_status":"closed","ping_status":"closed","template":"","meta":{"_acf_changed":false,"footnotes":""},"class_list":["post-111","page","type-page","status-publish","hentry"],"acf":[],"_links":{"self":[{"href":"https:\/\/perfektcaravanparking.com\/nl\/wp-json\/wp\/v2\/pages\/111","targetHints":{"allow":["GET"]}}],"collection":[{"href":"https:\/\/perfektcaravanparking.com\/nl\/wp-json\/wp\/v2\/pages"}],"about":[{"href":"https:\/\/perfektcaravanparking.com\/nl\/wp-json\/wp\/v2\/types\/page"}],"author":[{"embeddable":true,"href":"https:\/\/perfektcaravanparking.com\/nl\/wp-json\/wp\/v2\/users\/1"}],"replies":[{"embeddable":true,"href":"https:\/\/perfektcaravanparking.com\/nl\/wp-json\/wp\/v2\/comments?post=111"}],"version-history":[{"count":7,"href":"https:\/\/perfektcaravanparking.com\/nl\/wp-json\/wp\/v2\/pages\/111\/revisions"}],"predecessor-version":[{"id":291,"href":"https:\/\/perfektcaravanparking.com\/nl\/wp-json\/wp\/v2\/pages\/111\/revisions\/291"}],"wp:attachment":[{"href":"https:\/\/perfektcaravanparking.com\/nl\/wp-json\/wp\/v2\/media?parent=111"}],"curies":[{"name":"wp","href":"https:\/\/api.w.org\/{rel}","templated":true}]}}