{"id":3,"date":"2025-11-19T11:26:16","date_gmt":"2025-11-19T11:26:16","guid":{"rendered":"https:\/\/perfektcaravanparking.com\/?page_id=3"},"modified":"2025-12-17T13:58:55","modified_gmt":"2025-12-17T13:58:55","slug":"politica-de-privacidad","status":"publish","type":"page","link":"https:\/\/perfektcaravanparking.com\/de\/politica-de-privacidad\/","title":{"rendered":"Datenschutzbestimmungen"},"content":{"rendered":"<div data-elementor-type=\"wp-page\" data-elementor-id=\"3\" class=\"elementor elementor-3\" data-elementor-post-type=\"page\">\n\t\t\t\t<div class=\"elementor-element elementor-element-5155aae e-flex e-con-boxed e-con e-parent\" data-id=\"5155aae\" data-element_type=\"container\" data-e-type=\"container\" data-settings=\"{&quot;background_background&quot;:&quot;classic&quot;}\">\n\t\t\t\t\t<div class=\"e-con-inner\">\n\t\t\t\t<div class=\"elementor-element elementor-element-57655dc elementor-widget__width-initial elementor-widget-tablet__width-inherit elementor-widget-mobile__width-inherit elementor-widget elementor-widget-text-editor\" data-id=\"57655dc\" data-element_type=\"widget\" data-e-type=\"widget\" data-widget_type=\"text-editor.default\">\n\t\t\t\t\t\t\t\t\t<p><strong>Datenschutzbestimmungen<\/strong><\/p><p><em>Letzte Aktualisierung: 17-12-2025<\/em><\/p><p>Bei Perfekt Caravan Parking (erreichbar \u00fcber perfektcaravanparking.com) steht Ihre Privatsph\u00e4re an erster Stelle. In dieser Datenschutzerkl\u00e4rung wird beschrieben, welche Arten von pers\u00f6nlichen Daten wir sammeln, wie sie verwendet werden und welche Ma\u00dfnahmen wir ergreifen, um sie zu sch\u00fctzen. Indem Sie unsere Website nutzen, erkl\u00e4ren Sie sich mit den Bedingungen dieser Datenschutzrichtlinie einverstanden.<\/p><p><strong>1. von uns gesammelte Informationen<\/strong><\/p><p>Wir sammeln verschiedene Arten von Informationen f\u00fcr eine Reihe von Zwecken, darunter:<\/p><p>\u2013\u00a0<strong>Pers\u00f6nlich identifizierbare Informationen<\/strong>Dazu geh\u00f6ren Ihr Name, Ihre E-Mail-Adresse, Ihre Telefonnummer und alle anderen Informationen, die Sie uns direkt durch Ausf\u00fcllen von Formularen auf unserer Website zur Verf\u00fcgung stellen.<\/p><p>\u2013\u00a0<strong>Verwendungsdaten<\/strong>Wir sammeln automatisch Informationen dar\u00fcber, wie Sie auf unsere Website zugreifen und mit ihr interagieren, einschlie\u00dflich Ihrer IP-Adresse, des Browsertyps, der besuchten Seiten sowie des Datums und der Uhrzeit Ihres Besuchs.<\/p><p>\u2013\u00a0<strong>Cookies und Tracking-Technologien<\/strong>Unsere Website kann Cookies und \u00e4hnliche Technologien verwenden, um Informationen \u00fcber Ihre Surfaktivit\u00e4ten und Pr\u00e4ferenzen zu sammeln.<\/p><p><strong>2. Wie wir Ihre Informationen verwenden<\/strong><\/p><p>Perfekt Caravan Parking verwendet die gesammelten Informationen f\u00fcr die folgenden Zwecke:<\/p><ul><li>Zur Bereitstellung, zum Betrieb und zur Pflege unserer Website<\/li><li>Um Ihr Erlebnis zu verbessern und zu personalisieren<\/li><li>Beantwortung von Anfragen oder Bearbeitung von Serviceanfragen<\/li><li>F\u00fcr interne Analysen und Berichte<\/li><li>Um mit Ihnen zu kommunizieren, einschlie\u00dflich Marketing- und Werbebotschaften (mit Ihrer Zustimmung).<\/li><li>Zur Erf\u00fcllung rechtlicher Verpflichtungen und zur Durchsetzung unserer Bedingungen und Konditionen<\/li><\/ul><p><strong>3. Cookies und Tracking-Technologien<\/strong><\/p><p>Cookies helfen uns, die Benutzerfreundlichkeit zu verbessern, indem sie sich Ihre Pr\u00e4ferenzen merken und Ihre Interaktion mit der Website verfolgen. Sie k\u00f6nnen Ihren Browser so einstellen, dass er Cookies ablehnt, obwohl einige Funktionen der Website ohne sie m\u00f6glicherweise nicht richtig funktionieren.<\/p><p><strong>4. Wie wir Ihre Informationen weitergeben<\/strong><\/p><p>Wir verkaufen oder vermieten Ihre pers\u00f6nlichen Daten nicht. Wir k\u00f6nnen sie nur weitergeben:<\/p><ul><li><strong>Mit Dienstleistern<\/strong>Zur Erbringung von Dienstleistungen in unserem Namen, z. B. Zahlungsabwicklung, Website-Hosting und Analysen.<\/li><li><strong style=\"font-family: -apple-system, BlinkMacSystemFont, 'Segoe UI', Roboto, 'Helvetica Neue', Arial, 'Noto Sans', sans-serif, 'Apple Color Emoji', 'Segoe UI Emoji', 'Segoe UI Symbol', 'Noto Color Emoji';\">F\u00fcr rechtliche Zwecke<\/strong><span style=\"font-family: -apple-system, BlinkMacSystemFont, 'Segoe UI', Roboto, 'Helvetica Neue', Arial, 'Noto Sans', sans-serif, 'Apple Color Emoji', 'Segoe UI Emoji', 'Segoe UI Symbol', 'Noto Color Emoji';\">Wenn dies gesetzlich, per Gerichtsbeschluss oder von einer anderen staatlichen Beh\u00f6rde verlangt wird, oder zum Schutz unserer Rechte und der Sicherheit unserer Nutzer.<\/span><\/li><\/ul><p><strong>5. Datensicherheit<\/strong><\/p><p>Wir ergreifen angemessene Sicherheitsma\u00dfnahmen, um Ihre Daten zu sch\u00fctzen. Allerdings ist keine Methode der \u00dcbertragung oder elektronischen Speicherung 100% sicher, so dass wir, obwohl wir uns bem\u00fchen, Ihre pers\u00f6nlichen Daten zu sch\u00fctzen, deren absolute Sicherheit nicht garantieren k\u00f6nnen.<\/p><p><strong>6. Ihre Rechte zum Schutz Ihrer Daten<\/strong><\/p><p>In \u00dcbereinstimmung mit dem geltenden Recht haben Sie m\u00f6glicherweise Anspruch auf:<\/p><ul><li>Zugang zu Ihren pers\u00f6nlichen Daten beantragen<\/li><li>Antrag auf Berichtigung oder L\u00f6schung Ihrer personenbezogenen Daten<\/li><li>Widerspruch gegen die Verarbeitung Ihrer Daten<\/li><li>Einschr\u00e4nkungen der Datenverarbeitung beantragen<\/li><\/ul><p>Um diese Rechte auszu\u00fcben, wenden Sie sich bitte an info@perfektcaravanparking.com.<\/p><p><strong>7. Die Privatsph\u00e4re der Kinder<\/strong><\/p><p>Unsere Website richtet sich nicht an Personen unter 16 Jahren. Wir sammeln nicht wissentlich pers\u00f6nliche Daten von Kindern unter 16 Jahren.<\/p><p><strong>8. \u00c4nderungen an dieser Datenschutzrichtlinie<\/strong><\/p><p>Wir k\u00f6nnen diese Datenschutzrichtlinie von Zeit zu Zeit aktualisieren, und die aktualisierte Richtlinie wird auf dieser Seite mit dem Datum des Inkrafttretens ver\u00f6ffentlicht. Wir empfehlen Ihnen, diese Seite regelm\u00e4\u00dfig zu besuchen, um sich \u00fcber etwaige \u00c4nderungen zu informieren.<\/p><p><strong>9. Kontakt<\/strong><\/p><p>Wenn Sie Fragen oder Bedenken bez\u00fcglich dieser Datenschutzrichtlinie haben, wenden Sie sich bitte an uns:<\/p><p><strong>Perfekt Caravan Parking SL<\/strong><\/p><p>E-Mail: info@perfektcaravanparking.com<br \/>Anschrift: Carrer Disseminat 6,<br \/>17142 Verges, Girona, Spanien<\/p>\t\t\t\t\t\t\t\t<\/div>\n\t\t\t\t\t<\/div>\n\t\t\t\t<\/div>\n\t\t\t\t<\/div>","protected":false},"excerpt":{"rendered":"<p>Pol\u00edtica de privacidad \u00daltima actualizaci\u00f3n: 17-12-2025 En Perfekt Caravan Parking (accesible desde perfektcaravanparking.com) , damos prioridad a tu privacidad. Este documento de Pol\u00edtica de Privacidad describe los tipos de informaci\u00f3n personal recopilada, c\u00f3mo se utiliza y las medidas que adoptamos para protegerla. Al utilizar nuestro sitio web , t\u00fa aceptas los t\u00e9rminos de esta Pol\u00edtica [&hellip;]<\/p>\n","protected":false},"author":1,"featured_media":0,"parent":0,"menu_order":0,"comment_status":"closed","ping_status":"closed","template":"","meta":{"_acf_changed":false,"footnotes":""},"class_list":["post-3","page","type-page","status-publish","hentry"],"acf":[],"_links":{"self":[{"href":"https:\/\/perfektcaravanparking.com\/de\/wp-json\/wp\/v2\/pages\/3","targetHints":{"allow":["GET"]}}],"collection":[{"href":"https:\/\/perfektcaravanparking.com\/de\/wp-json\/wp\/v2\/pages"}],"about":[{"href":"https:\/\/perfektcaravanparking.com\/de\/wp-json\/wp\/v2\/types\/page"}],"author":[{"embeddable":true,"href":"https:\/\/perfektcaravanparking.com\/de\/wp-json\/wp\/v2\/users\/1"}],"replies":[{"embeddable":true,"href":"https:\/\/perfektcaravanparking.com\/de\/wp-json\/wp\/v2\/comments?post=3"}],"version-history":[{"count":17,"href":"https:\/\/perfektcaravanparking.com\/de\/wp-json\/wp\/v2\/pages\/3\/revisions"}],"predecessor-version":[{"id":297,"href":"https:\/\/perfektcaravanparking.com\/de\/wp-json\/wp\/v2\/pages\/3\/revisions\/297"}],"wp:attachment":[{"href":"https:\/\/perfektcaravanparking.com\/de\/wp-json\/wp\/v2\/media?parent=3"}],"curies":[{"name":"wp","href":"https:\/\/api.w.org\/{rel}","templated":true}]}}